{"id":4027,"date":"2024-08-21T13:08:29","date_gmt":"2024-08-21T12:08:29","guid":{"rendered":"https:\/\/www.nikola-tesla.hu\/alapdokumentumok\/"},"modified":"2026-04-23T10:06:13","modified_gmt":"2026-04-23T09:06:13","slug":"alapdokumentumok","status":"publish","type":"page","link":"https:\/\/www.nikola-tesla.hu\/hu\/alapdokumentumok\/","title":{"rendered":"Alapdokumentumok"},"content":{"rendered":"<div class=\"fusion-fullwidth fullwidth-box fusion-builder-row-1 fusion-flex-container has-pattern-background has-mask-background nonhundred-percent-fullwidth non-hundred-percent-height-scrolling\" style=\"--awb-border-radius-top-left:0px;--awb-border-radius-top-right:0px;--awb-border-radius-bottom-right:0px;--awb-border-radius-bottom-left:0px;--awb-flex-wrap:wrap;\" ><div class=\"fusion-builder-row fusion-row fusion-flex-align-items-flex-start fusion-flex-content-wrap\" style=\"max-width:1331.2px;margin-left: calc(-4% \/ 2 );margin-right: calc(-4% \/ 2 );\"><div class=\"fusion-layout-column fusion_builder_column fusion-builder-column-0 fusion_builder_column_1_1 1_1 fusion-flex-column\" style=\"--awb-bg-size:cover;--awb-width-large:100%;--awb-margin-top-large:10px;--awb-spacing-right-large:1.92%;--awb-margin-bottom-large:10px;--awb-spacing-left-large:1.92%;--awb-width-medium:100%;--awb-order-medium:0;--awb-spacing-right-medium:1.92%;--awb-spacing-left-medium:1.92%;--awb-width-small:100%;--awb-order-small:0;--awb-spacing-right-small:1.92%;--awb-spacing-left-small:1.92%;\"><div class=\"fusion-column-wrapper fusion-column-has-shadow fusion-flex-justify-content-flex-start fusion-content-layout-column\"><div class=\"fusion-title title fusion-title-1 fusion-sep-none fusion-title-center fusion-title-text fusion-title-size-one\" style=\"--awb-margin-top:0px;--awb-margin-bottom:45px;--awb-margin-top-small:10px;--awb-margin-right-small:0px;--awb-margin-bottom-small:20px;--awb-margin-left-small:0px;--awb-font-size:26px;\"><h1 class=\"fusion-title-heading title-heading-center fusion-responsive-typography-calculated\" style=\"margin:0;text-transform:capitalize;font-size:1em;--fontSize:26;line-height:var(--awb-typography1-line-height);\">ALAPDOKUMENTUMOK<\/h1><\/div><div class=\"fusion-text fusion-text-1 awb-text-cols fusion-text-columns-3\" style=\"--awb-font-size:16px;--awb-columns:3;--awb-column-spacing:2em;--awb-column-min-width:100px;\"><p><strong style=\"color: var(--awb-text-color); font-family: var(--awb-text-font-family); font-size: var(--awb-font-size); font-style: var(--awb-text-font-style); letter-spacing: var(--awb-letter-spacing); text-align: var(--awb-content-alignment); text-transform: var(--awb-text-transform); background-color: var(--awb-bg-color-hover);\">Alap\u00edt\u00f3 okirat &#8211;<\/strong><a style=\"font-family: var(--awb-text-font-family); font-size: var(--awb-font-size); font-style: var(--awb-text-font-style); font-weight: var(--awb-text-font-weight); letter-spacing: var(--awb-letter-spacing); text-align: var(--awb-content-alignment); text-transform: var(--awb-text-transform); background-color: var(--awb-bg-color-hover);\" href=\"https:\/\/www.nikola-tesla.hu\/wp-content\/uploads\/2024\/09\/Alapito-okirat-1.pdf\" target=\"_blank\" rel=\"noopener\">Let\u00f6lt\u00e9s (PDF)<\/a><\/p>\n<\/div><div class=\"fusion-text fusion-text-2\" style=\"--awb-font-size:16px;--awb-margin-top:15px;\"><p><strong>Pedag\u00f3giai program &#8211;<\/strong> <a style=\"font-family: var(--awb-text-font-family); font-size: var(--awb-font-size); font-style: var(--awb-text-font-style); font-weight: var(--awb-text-font-weight); letter-spacing: var(--awb-letter-spacing); text-align: var(--awb-content-alignment); text-transform: var(--awb-text-transform); background-color: var(--awb-bg-color-hover);\" href=\"https:\/\/www.nikola-tesla.hu\/wp-content\/uploads\/2024\/09\/TESLAPEDPROGRAM202120226.pdf\" target=\"_blank\" rel=\"noopener\">Let\u00f6lt\u00e9s (PDF)<\/a><\/p>\n<p><strong>H\u00e1zirend &#8211;<\/strong> <a style=\"font-family: var(--awb-text-font-family); font-size: var(--awb-font-size); font-style: var(--awb-text-font-style); font-weight: var(--awb-text-font-weight); letter-spacing: var(--awb-letter-spacing); text-align: var(--awb-content-alignment); text-transform: var(--awb-text-transform); background-color: var(--awb-bg-color);\" href=\"https:\/\/www.nikola-tesla.hu\/wp-content\/uploads\/2026\/03\/NTesla_Hazirend_20250515.pdf\" target=\"_blank\" rel=\"noopener\">Let\u00f6lt\u00e9s (PDF)<\/a><\/p>\n<p><strong>Szervezeti \u00e9s m\u0171k\u00f6d\u00e9si szab\u00e1lyzat &#8211; <\/strong><a style=\"font-family: var(--awb-text-font-family); font-size: var(--awb-font-size); font-style: var(--awb-text-font-style); font-weight: var(--awb-text-font-weight); letter-spacing: var(--awb-letter-spacing); text-align: var(--awb-content-alignment); text-transform: var(--awb-text-transform); background-color: var(--awb-bg-color-hover);\" href=\"https:\/\/www.nikola-tesla.hu\/wp-content\/uploads\/2024\/09\/Szmsz-2024-09-05-Z.pdf\" target=\"_blank\" rel=\"noopener\">Let\u00f6lt\u00e9s (PDF)<\/a><\/p>\n<p><strong>M\u0171k\u00f6d\u00e9si enged\u00e9ly &#8211; <\/strong><a style=\"font-family: var(--awb-text-font-family); font-size: var(--awb-font-size); font-style: var(--awb-text-font-style); font-weight: var(--awb-text-font-weight); letter-spacing: var(--awb-letter-spacing); text-align: var(--awb-content-alignment); text-transform: var(--awb-text-transform); background-color: var(--awb-bg-color-hover);\" href=\"https:\/\/www.nikola-tesla.hu\/wp-content\/uploads\/2024\/09\/Mukodesi-engedely-1.pdf\" target=\"_blank\" rel=\"noopener\">Let\u00f6lt\u00e9s (PDF)<\/a><\/p>\n<\/div><div class=\"fusion-title title fusion-title-2 fusion-sep-none fusion-title-center fusion-title-text fusion-title-size-one\" style=\"--awb-margin-top:0px;--awb-margin-bottom:45px;--awb-margin-top-small:10px;--awb-margin-right-small:0px;--awb-margin-bottom-small:20px;--awb-margin-left-small:0px;--awb-font-size:26px;\"><h1 class=\"fusion-title-heading title-heading-center fusion-responsive-typography-calculated\" style=\"margin:0;text-transform:capitalize;font-size:1em;--fontSize:26;line-height:var(--awb-typography1-line-height);\">EG\u00c9B DOKUMENTUMOK<\/h1><\/div><div class=\"fusion-text fusion-text-3\" style=\"--awb-font-size:16px;--awb-margin-top:15px;\"><p><strong>Diet\u00e1s \u00e9tkez\u00e9s ADATLAP 2025_2026 tan\u00e9vre &#8211;<\/strong> <a style=\"font-family: var(--awb-text-font-family); font-size: var(--awb-font-size); font-style: var(--awb-text-font-style); font-weight: var(--awb-text-font-weight); letter-spacing: var(--awb-letter-spacing); text-align: var(--awb-content-alignment); text-transform: var(--awb-text-transform); background-color: var(--awb-bg-color-hover);\" href=\"https:\/\/www.nikola-tesla.hu\/wp-content\/uploads\/2026\/04\/Dietas-etkezes-ADATLAP-2025_2026-tanevre.pdf\" target=\"_blank\" rel=\"noopener\">Let\u00f6lt\u00e9s (PDF)<\/a><\/p>\n<\/div><\/div><\/div><\/div><\/div>\n","protected":false},"excerpt":{"rendered":"","protected":false},"author":4,"featured_media":0,"parent":0,"menu_order":0,"comment_status":"closed","ping_status":"closed","template":"","meta":{"footnotes":""},"folder":[],"class_list":["post-4027","page","type-page","status-publish","hentry"],"_links":{"self":[{"href":"https:\/\/www.nikola-tesla.hu\/hu\/wp-json\/wp\/v2\/pages\/4027","targetHints":{"allow":["GET"]}}],"collection":[{"href":"https:\/\/www.nikola-tesla.hu\/hu\/wp-json\/wp\/v2\/pages"}],"about":[{"href":"https:\/\/www.nikola-tesla.hu\/hu\/wp-json\/wp\/v2\/types\/page"}],"author":[{"embeddable":true,"href":"https:\/\/www.nikola-tesla.hu\/hu\/wp-json\/wp\/v2\/users\/4"}],"replies":[{"embeddable":true,"href":"https:\/\/www.nikola-tesla.hu\/hu\/wp-json\/wp\/v2\/comments?post=4027"}],"version-history":[{"count":20,"href":"https:\/\/www.nikola-tesla.hu\/hu\/wp-json\/wp\/v2\/pages\/4027\/revisions"}],"predecessor-version":[{"id":7840,"href":"https:\/\/www.nikola-tesla.hu\/hu\/wp-json\/wp\/v2\/pages\/4027\/revisions\/7840"}],"wp:attachment":[{"href":"https:\/\/www.nikola-tesla.hu\/hu\/wp-json\/wp\/v2\/media?parent=4027"}],"wp:term":[{"taxonomy":"folder","embeddable":true,"href":"https:\/\/www.nikola-tesla.hu\/hu\/wp-json\/wp\/v2\/folder?post=4027"}],"curies":[{"name":"wp","href":"https:\/\/api.w.org\/{rel}","templated":true}]}}