{"id":5056,"date":"2024-12-11T15:17:47","date_gmt":"2024-12-11T14:17:47","guid":{"rendered":"https:\/\/www.nikola-tesla.hu\/lorev-munkavallalo\/"},"modified":"2025-12-12T14:29:59","modified_gmt":"2025-12-12T13:29:59","slug":"lorev-munkavallalo","status":"publish","type":"page","link":"https:\/\/www.nikola-tesla.hu\/hu\/munkakor-lista\/lorev-munkavallalo\/","title":{"rendered":"L\u00f3r\u00e9v munkav\u00e1llal\u00f3"},"content":{"rendered":"<p><div class=\"fusion-fullwidth fullwidth-box fusion-builder-row-1 fusion-flex-container has-pattern-background has-mask-background fusion-parallax-none nonhundred-percent-fullwidth non-hundred-percent-height-scrolling lazyload\" style=\"--awb-background-blend-mode:overlay;--awb-border-radius-top-left:0px;--awb-border-radius-top-right:0px;--awb-border-radius-bottom-right:0px;--awb-border-radius-bottom-left:0px;--awb-padding-top:0px;--awb-padding-bottom:0px;--awb-padding-top-small:60px;--awb-margin-bottom:0px;--awb-background-color:rgba(21,58,100,0.2);--awb-background-image:linear-gradient(180deg, rgba(21,58,100,0.2) 0%,rgba(21,58,100,0.41) 100%);;--awb-background-size:cover;--awb-flex-wrap:wrap;\" data-bg=\"https:\/\/www.nikola-tesla.hu\/wp-content\/uploads\/2016\/03\/politics_seminar_event_header_bg.jpg\" data-bg-gradient=\"linear-gradient(180deg, rgba(21,58,100,0.2) 0%,rgba(21,58,100,0.41) 100%)\" ><div class=\"fusion-builder-row fusion-row fusion-flex-align-items-center fusion-flex-content-wrap\" style=\"max-width:calc( 1280px + 120px );margin-left: calc(-120px \/ 2 );margin-right: calc(-120px \/ 2 );\"><div class=\"fusion-layout-column fusion_builder_column fusion-builder-column-0 fusion_builder_column_1_1 1_1 fusion-flex-column fusion-flex-align-self-center\" style=\"--awb-bg-size:cover;--awb-width-large:100%;--awb-margin-top-large:50px;--awb-spacing-right-large:60px;--awb-margin-bottom-large:0px;--awb-spacing-left-large:60px;--awb-width-medium:100%;--awb-order-medium:0;--awb-spacing-right-medium:60px;--awb-spacing-left-medium:60px;--awb-width-small:100%;--awb-order-small:0;--awb-spacing-right-small:60px;--awb-spacing-left-small:60px;\" data-scroll-devices=\"small-visibility,medium-visibility,large-visibility\"><div class=\"fusion-column-wrapper fusion-column-has-shadow fusion-flex-justify-content-center fusion-content-layout-column\"><div class=\"fusion-title title fusion-title-1 fusion-sep-none fusion-title-center fusion-title-text fusion-title-size-one\" style=\"--awb-text-color:#ffffff;--awb-margin-top-small:10px;--awb-margin-right-small:0px;--awb-margin-bottom-small:20px;--awb-margin-left-small:0px;--awb-font-size:67px;\"><h1 class=\"fusion-title-heading title-heading-center fusion-responsive-typography-calculated\" style=\"font-family:&quot;Urbanist&quot;;font-style:normal;font-weight:500;margin:0;text-transform:var(--awb-typography1-text-transform);font-size:1em;--fontSize:67;line-height:1.1;\">Szerb K\u00f6zoktat\u00e1si K\u00f6zpont &#8211; Nikola Tesla<\/h1><\/div><div class=\"fusion-separator fusion-full-width-sep\" style=\"align-self: center;margin-left: auto;margin-right: auto;margin-top:15px;margin-bottom:15px;width:100%;\"><\/div><\/div><\/div><div class=\"fusion-layout-column fusion_builder_column fusion-builder-column-1 fusion_builder_column_1_2 1_2 fusion-flex-column fusion-animated\" style=\"--awb-bg-size:cover;--awb-width-large:50%;--awb-margin-top-large:10px;--awb-spacing-right-large:60px;--awb-margin-bottom-large:0px;--awb-spacing-left-large:60px;--awb-width-medium:100%;--awb-order-medium:0;--awb-spacing-right-medium:60px;--awb-spacing-left-medium:60px;--awb-width-small:100%;--awb-order-small:1;--awb-spacing-right-small:60px;--awb-spacing-left-small:60px;\" data-animationType=\"fadeInLeft\" data-animationDuration=\"0.3\" data-animationOffset=\"top-into-view\"><div class=\"fusion-column-wrapper fusion-column-has-shadow fusion-flex-justify-content-flex-start fusion-content-layout-column\"><div class=\"fusion-title title fusion-title-2 fusion-sep-none fusion-title-text fusion-title-size-two\" style=\"--awb-text-color:#ffffff;--awb-margin-top-small:10px;--awb-margin-right-small:0px;--awb-margin-bottom-small:20px;--awb-margin-left-small:0px;--awb-font-size:57px;\"><h2 class=\"fusion-title-heading title-heading-left fusion-responsive-typography-calculated\" style=\"font-family:&quot;Urbanist&quot;;font-style:normal;font-weight:500;margin:0;text-transform:var(--awb-typography1-text-transform);font-size:1em;--fontSize:57;line-height:1.1;\">Nem az iskol\u00e1\u00e9rt tanulunk, hanem az \u00e9let\u00e9rt.<\/h2><\/div><div class=\"fusion-text fusion-text-1 fusion-text-no-margin\" style=\"--awb-text-color:rgba(255,255,255,0.75);--awb-margin-bottom:50px;\"><p>Ha egy tan\u00e1r csak a munk\u00e1t szereti, akkor j\u00f3 tan\u00e1r. Ha egy tan\u00e1r \u00fagy szereti a di\u00e1kj\u00e1t, mint az apj\u00e1t vagy az any\u00e1t, akkor jobb, mint az a tan\u00e1r, aki elolvasta az \u00f6sszes k\u00f6nyvet, de nem szereti a munk\u00e1j\u00e1t vagy a di\u00e1kokat. Amikor egy tan\u00e1r egyes\u00edti a munka \u00e9s a di\u00e1kok ir\u00e1nti szeretetet, akkor t\u00f6k\u00e9letes tan\u00e1r.  <\/p>\n<\/div><\/div><\/div><div class=\"fusion-layout-column fusion_builder_column fusion-builder-column-2 fusion_builder_column_1_2 1_2 fusion-flex-column fusion-animated\" style=\"--awb-bg-size:cover;--awb-width-large:50%;--awb-margin-top-large:10px;--awb-spacing-right-large:60px;--awb-margin-bottom-large:0px;--awb-spacing-left-large:60px;--awb-width-medium:100%;--awb-order-medium:0;--awb-spacing-right-medium:60px;--awb-spacing-left-medium:60px;--awb-width-small:100%;--awb-order-small:0;--awb-spacing-right-small:60px;--awb-margin-bottom-small:60px;--awb-spacing-left-small:60px;\" data-animationType=\"fadeInRight\" data-animationDuration=\"0.3\" data-animationOffset=\"top-into-view\"><div class=\"fusion-column-wrapper fusion-column-has-shadow fusion-flex-justify-content-flex-start fusion-content-layout-column\"><div class=\"fusion-image-element \" style=\"--awb-aspect-ratio: 100 \/ 107;--awb-mask-url: url(https:\/\/www.nikola-tesla.hu\/wp-content\/plugins\/fusion-builder\/\/assets\/images\/masks\/mask-16.svg);--awb-caption-title-font-family:var(--h2_typography-font-family);--awb-caption-title-font-weight:var(--h2_typography-font-weight);--awb-caption-title-font-style:var(--h2_typography-font-style);--awb-caption-title-size:var(--h2_typography-font-size);--awb-caption-title-transform:var(--h2_typography-text-transform);--awb-caption-title-line-height:var(--h2_typography-line-height);--awb-caption-title-letter-spacing:var(--h2_typography-letter-spacing);\"><span class=\" fusion-imageframe imageframe-none imageframe-1 hover-type-none has-mask has-aspect-ratio\"><img decoding=\"async\" width=\"683\" height=\"1024\" title=\"7\" src=\"https:\/\/www.nikola-tesla.hu\/wp-content\/uploads\/2023\/01\/7.jpg\" data-orig-src=\"https:\/\/www.nikola-tesla.hu\/wp-content\/uploads\/2023\/01\/7.jpg\" class=\"lazyload img-responsive wp-image-3628 img-with-aspect-ratio\" data-parent-fit=\"cover\" data-parent-container=\".fusion-image-element\" alt srcset=\"data:image\/svg+xml,%3Csvg%20xmlns%3D%27http%3A%2F%2Fwww.w3.org%2F2000%2Fsvg%27%20width%3D%27683%27%20height%3D%271024%27%20viewBox%3D%270%200%20683%201024%27%3E%3Crect%20width%3D%27683%27%20height%3D%271024%27%20fill-opacity%3D%220%22%2F%3E%3C%2Fsvg%3E\" data-srcset=\"https:\/\/www.nikola-tesla.hu\/wp-content\/uploads\/2023\/01\/7-200x300.jpg 200w, https:\/\/www.nikola-tesla.hu\/wp-content\/uploads\/2023\/01\/7-400x600.jpg 400w, https:\/\/www.nikola-tesla.hu\/wp-content\/uploads\/2023\/01\/7-600x900.jpg 600w, https:\/\/www.nikola-tesla.hu\/wp-content\/uploads\/2023\/01\/7.jpg 683w\" data-sizes=\"auto\" data-orig-sizes=\"(max-width: 1024px) 100vw, (max-width: 640px) 100vw, 600px\" \/><\/span><\/div><\/div><\/div><div class=\"fusion-layout-column fusion_builder_column fusion-builder-column-3 fusion_builder_column_1_1 1_1 fusion-flex-column\" style=\"--awb-bg-size:cover;--awb-width-large:100%;--awb-margin-top-large:120px;--awb-spacing-right-large:60px;--awb-margin-bottom-large:0px;--awb-spacing-left-large:60px;--awb-width-medium:100%;--awb-order-medium:0;--awb-spacing-right-medium:60px;--awb-spacing-left-medium:60px;--awb-width-small:100%;--awb-order-small:2;--awb-margin-top-small:60px;--awb-spacing-right-small:60px;--awb-spacing-left-small:60px;\"><div class=\"fusion-column-wrapper fusion-column-has-shadow fusion-flex-justify-content-flex-start fusion-content-layout-column\"><div class=\"fusion-section-separator section-separator hills fusion-section-separator-1\" style=\"--awb-spacer-padding-top:inherit;--awb-svg-margin-left:60px;--awb-svg-margin-right:60px;--awb-svg-margin-left-medium:60px;--awb-svg-margin-right-medium:60px;--awb-svg-margin-left-small:60px;--awb-svg-margin-right-small:60px;--awb-divider-height:60px;--awb-spacer-height:60px;--awb-sep-font-size:0;--awb-sep-line-height:0;\"><div class=\"fusion-section-separator-svg\"><svg class=\"fusion-hills-candy\" xmlns=\"http:\/\/www.w3.org\/2000\/svg\" version=\"1.1\" width=\"100%\" viewBox=\"0 74 1024 107\" preserveAspectRatio=\"none\" fill=\"rgba(213,47,59,1)\"><path class=\"st4\" d=\"M0 182.086h1024v-77.312c-49.05 20.07-120.525 42.394-193.229 42.086-128.922-.512-159.846-72.294-255.795-72.294-89.088 0-134.656 80.179-245.043 82.022S169.063 99.346 49.971 97.401C32.768 97.094 16.077 99.244 0 103.135v78.951z\"\/><\/svg><\/div><div class=\"fusion-section-separator-spacer\"><div class=\"fusion-section-separator-spacer-height\"><\/div><\/div><\/div><\/div><\/div><\/div><\/div><div class=\"fusion-fullwidth fullwidth-box fusion-builder-row-2 fusion-flex-container has-pattern-background has-mask-background nonhundred-percent-fullwidth non-hundred-percent-height-scrolling\" style=\"--awb-border-radius-top-left:0px;--awb-border-radius-top-right:0px;--awb-border-radius-bottom-right:0px;--awb-border-radius-bottom-left:0px;--awb-padding-top:80px;--awb-padding-bottom:80px;--awb-background-color:var(--awb-color4);--awb-flex-wrap:wrap;\" ><div class=\"fusion-builder-row fusion-row fusion-flex-align-items-flex-start fusion-flex-content-wrap\" style=\"max-width:1331.2px;margin-left: calc(-4% \/ 2 );margin-right: calc(-4% \/ 2 );\"><div class=\"fusion-layout-column fusion_builder_column fusion-builder-column-4 fusion_builder_column_1_1 1_1 fusion-flex-column fusion-flex-align-self-flex-start fusion-column-no-min-height\" style=\"--awb-bg-blend:overlay;--awb-bg-size:cover;--awb-width-large:100%;--awb-margin-top-large:0px;--awb-spacing-right-large:1.92%;--awb-margin-bottom-large:0px;--awb-spacing-left-large:1.92%;--awb-width-medium:100%;--awb-spacing-right-medium:1.92%;--awb-spacing-left-medium:1.92%;--awb-width-small:100%;--awb-spacing-right-small:1.92%;--awb-spacing-left-small:1.92%;\"><div class=\"fusion-column-wrapper fusion-flex-justify-content-flex-start fusion-content-layout-column\"><div class=\"fusion-title title fusion-title-3 fusion-sep-none fusion-title-center fusion-title-text fusion-title-size-one\" style=\"--awb-text-color:var(--awb-color1);--awb-margin-top-small:10px;--awb-margin-right-small:0px;--awb-margin-bottom-small:20px;--awb-margin-left-small:0px;\"><h1 class=\"fusion-title-heading title-heading-center fusion-responsive-typography-calculated\" style=\"margin:0;text-transform:none;--fontSize:50;line-height:var(--awb-typography1-line-height);\">L\u00f3r\u00e9v<\/h1><\/div><div class=\"fusion-separator\" style=\"align-self: center;margin-left: auto;margin-right: auto;margin-top:5px;margin-bottom:55px;width:100%;max-width:200px;\"><div class=\"fusion-separator-border sep-single sep-solid\" style=\"--awb-height:20px;--awb-amount:20px;--awb-sep-color:hsla(var(--awb-color8-h),var(--awb-color8-s),calc( var(--awb-color8-l) + 88% ),var(--awb-color8-a));border-color:hsla(var(--awb-color8-h),var(--awb-color8-s),calc( var(--awb-color8-l) + 88% ),var(--awb-color8-a));border-top-width:1px;\"><\/div><\/div><\/div><\/div><div class=\"fusion-layout-column fusion_builder_column fusion-builder-column-5 fusion_builder_column_1_1 1_1 fusion-flex-column\" style=\"--awb-bg-color:var(--awb-color5);--awb-bg-color-hover:var(--awb-color5);--awb-bg-size:cover;--awb-width-large:100%;--awb-margin-top-large:10px;--awb-spacing-right-large:1.92%;--awb-margin-bottom-large:10px;--awb-spacing-left-large:1.92%;--awb-width-medium:100%;--awb-order-medium:0;--awb-spacing-right-medium:1.92%;--awb-spacing-left-medium:1.92%;--awb-width-small:100%;--awb-order-small:0;--awb-spacing-right-small:1.92%;--awb-spacing-left-small:1.92%;\"><div class=\"fusion-column-wrapper fusion-column-has-shadow fusion-flex-justify-content-flex-start fusion-content-layout-column\"><div class=\"fusion-title title fusion-title-4 fusion-sep-none fusion-title-center fusion-title-text fusion-title-size-two\" style=\"--awb-text-color:var(--awb-color1);--awb-margin-top:50px;--awb-margin-top-small:10px;--awb-margin-right-small:0px;--awb-margin-bottom-small:20px;--awb-margin-left-small:0px;\"><h2 class=\"fusion-title-heading title-heading-center fusion-responsive-typography-calculated\" style=\"margin:0;text-transform:none;--fontSize:34;line-height:var(--awb-typography1-line-height);\">L\u00f3r\u00e9v &#8211; \u00d3voda<\/h2><\/div><div class=\"fusion-title title fusion-title-5 fusion-sep-none fusion-title-center fusion-title-text fusion-title-size-three\" style=\"--awb-text-color:var(--awb-color1);--awb-margin-top-small:10px;--awb-margin-right-small:0px;--awb-margin-bottom-small:20px;--awb-margin-left-small:0px;\"><h3 class=\"fusion-title-heading title-heading-center fusion-responsive-typography-calculated\" style=\"margin:0;text-transform:none;--fontSize:24;line-height:var(--awb-typography1-line-height);\">\u00d3voda pedag\u00f3gusok<\/h3><\/div>\n<div class=\"table-1\">\n<table width=\"100%\">\n<thead>\n<tr>\n<th align=\"left\">Vezet\u00e9kn\u00e9v, n\u00e9v<\/th>\n<th align=\"left\">Munkak\u00f6r<\/th>\n<\/tr>\n<\/thead>\n<tbody>\n<tr>\n<td align=\"left\">Lajter-Alexov Mileva<\/td>\n<td align=\"left\">nemzetis\u00e9gi \u00f3vodapedag\u00f3gus<\/td>\n<\/tr>\n<\/tbody>\n<\/table>\n<\/div>\n<div class=\"fusion-title title fusion-title-6 fusion-sep-none fusion-title-center fusion-title-text fusion-title-size-three\" style=\"--awb-text-color:var(--awb-color1);--awb-margin-top:60px;--awb-margin-top-small:10px;--awb-margin-right-small:0px;--awb-margin-bottom-small:20px;--awb-margin-left-small:0px;\"><h3 class=\"fusion-title-heading title-heading-center fusion-responsive-typography-calculated\" style=\"margin:0;text-transform:none;--fontSize:24;line-height:var(--awb-typography1-line-height);\">Pedag\u00f3giai munk\u00e1t k\u00f6zvetlen\u00fcl seg\u00edt\u0151k<\/h3><\/div>\n<div class=\"table-1\">\n<p>&nbsp;<\/p>\n<table width=\"100%\">\n<thead>\n<tr>\n<th align=\"left\">Vezet\u00e9kn\u00e9v, n\u00e9v<\/th>\n<th align=\"left\">Munkak\u00f6r<\/th>\n<\/tr>\n<\/thead>\n<tbody>\n<tr>\n<td align=\"left\">Alexov-Szigeti Fruzsina<\/td>\n<td align=\"left\">dajk\u00e1<\/td>\n<\/tr>\n<tr>\n<td align=\"left\">Gilicze&nbsp;&nbsp; No\u00e9mi<\/td>\n<td align=\"left\">dajka<\/td>\n<\/tr>\n<tr>\n<td align=\"left\">Kisn\u00e9 Hraniszl\u00e1v Zorica<\/td>\n<td align=\"left\">pedag\u00f3giai asszisztens<\/td>\n<\/tr>\n<tr>\n<td align=\"left\">Pip\u00f3 Barbara<\/td>\n<td align=\"left\">pedag\u00f3giai asszisztens<\/td>\n<\/tr>\n<\/tbody>\n<\/table>\n<\/div>\n<div class=\"fusion-title title fusion-title-7 fusion-sep-none fusion-title-center fusion-title-text fusion-title-size-three\" style=\"--awb-text-color:var(--awb-color1);--awb-margin-top:60px;--awb-margin-top-small:10px;--awb-margin-right-small:0px;--awb-margin-bottom-small:20px;--awb-margin-left-small:0px;\"><h3 class=\"fusion-title-heading title-heading-center fusion-responsive-typography-calculated\" style=\"margin:0;text-transform:none;--fontSize:24;line-height:var(--awb-typography1-line-height);\">technikai dolgoz\u00f3k<\/h3><\/div>\n<div class=\"table-1\">\n<p>&nbsp;<\/p>\n<table width=\"100%\">\n<thead>\n<tr>\n<th align=\"left\">Vezet\u00e9kn\u00e9v, n\u00e9v<\/th>\n<th align=\"left\">Munkak\u00f6r<\/th>\n<\/tr>\n<\/thead>\n<tbody>\n<tr>\n<td align=\"left\">Nagyn\u00e9 Varga Veronika<\/td>\n<td align=\"left\">takar\u00edt\u00f3<\/td>\n<\/tr>\n<\/tbody>\n<\/table>\n<\/div>\n<\/div><\/div><div class=\"fusion-layout-column fusion_builder_column fusion-builder-column-6 fusion_builder_column_1_1 1_1 fusion-flex-column\" style=\"--awb-bg-color:var(--awb-color5);--awb-bg-color-hover:var(--awb-color5);--awb-bg-size:cover;--awb-width-large:100%;--awb-margin-top-large:10px;--awb-spacing-right-large:1.92%;--awb-margin-bottom-large:10px;--awb-spacing-left-large:1.92%;--awb-width-medium:100%;--awb-order-medium:0;--awb-spacing-right-medium:1.92%;--awb-spacing-left-medium:1.92%;--awb-width-small:100%;--awb-order-small:0;--awb-spacing-right-small:1.92%;--awb-spacing-left-small:1.92%;\"><div class=\"fusion-column-wrapper fusion-column-has-shadow fusion-flex-justify-content-flex-start fusion-content-layout-column\"><div class=\"fusion-title title fusion-title-8 fusion-sep-none fusion-title-center fusion-title-text fusion-title-size-two\" style=\"--awb-text-color:var(--awb-color1);--awb-margin-top:50px;--awb-margin-top-small:10px;--awb-margin-right-small:0px;--awb-margin-bottom-small:20px;--awb-margin-left-small:0px;\"><h2 class=\"fusion-title-heading title-heading-center fusion-responsive-typography-calculated\" style=\"margin:0;text-transform:none;--fontSize:34;line-height:var(--awb-typography1-line-height);\">L\u00f3r\u00e9v &#8211; iskola<\/h2><\/div><div class=\"fusion-title title fusion-title-9 fusion-sep-none fusion-title-center fusion-title-text fusion-title-size-three\" style=\"--awb-text-color:var(--awb-color1);--awb-margin-top:0px;--awb-margin-top-small:10px;--awb-margin-right-small:0px;--awb-margin-bottom-small:20px;--awb-margin-left-small:0px;\"><h3 class=\"fusion-title-heading title-heading-center fusion-responsive-typography-calculated\" style=\"margin:0;text-transform:none;--fontSize:24;line-height:var(--awb-typography1-line-height);\">Iskola pedag\u00f3gusok<\/h3><\/div>\n<div class=\"table-1\">\n<table width=\"100%\">\n<thead>\n<tr>\n<th align=\"left\">Vezet\u00e9kn\u00e9v, n\u00e9v<\/th>\n<th align=\"left\">Munkak\u00f6r<\/th>\n<\/tr>\n<\/thead>\n<tbody>\n<tr>\n<td align=\"left\">Bogn\u00e1r G\u00e1born\u00e9<\/td>\n<td align=\"left\">magyar nyelv \u00e9s irodalomi tan\u00e1r<\/td>\n<\/tr>\n<tr>\n<td align=\"left\">Dujmov Mil\u00e1n<\/td>\n<td align=\"left\">t\u00f6rt\u00e9nelem tan\u00e1r, oszt\u00e1lyf\u0151n\u00f6k 7. oszt\u00e1ly<\/td>\n<\/tr>\n<tr>\n<td align=\"left\">Ivanov Sofija<\/td>\n<td align=\"left\">nemzetis\u00e9gi tan\u00edt\u00f3, oszt\u00e1lyf\u0151n\u00f6k 3. oszt\u00e1ly<\/td>\n<\/tr>\n<tr>\n<td align=\"left\">Karagits Gor\u00e1n<\/td>\n<td align=\"left\">pedag\u00f3gus v\u00e9gzetts\u00e9g\u0171 iskolatitk\u00e1r<\/td>\n<\/tr>\n<tr>\n<td align=\"left\">Kotorcevic Julianna<\/td>\n<td align=\"left\">nemzetis\u00e9gi nyelvtan\u00e1r<\/td>\n<\/tr>\n<tr>\n<td align=\"left\">Mazalica Radoslava<\/td>\n<td align=\"left\">nemzetis\u00e9gi tan\u00edt\u00f3, oszt\u00e1lyf\u0151n\u00f6k 4. oszt\u00e1ly, munkak\u00f6z\u00f6ss\u00e9g vezet\u0151<\/td>\n<\/tr>\n<tr>\n<td align=\"left\">Nagy-Erd\u00e9lyi Orsolya<\/td>\n<td align=\"left\">fejleszt\u0151 pedag\u00f3gus<\/td>\n<\/tr>\n<tr>\n<td align=\"left\">Obradovic Danijel<\/td>\n<td align=\"left\">nemzetis\u00e9gi tan\u00edt\u00f3, oszt\u00e1lyf\u0151n\u00f6k 1. oszt\u00e1ly<\/td>\n<\/tr>\n<tr>\n<td align=\"left\">Szondin\u00e9 Mikl\u00f3s \u00c9va<\/td>\n<td align=\"left\">testnevel\u00e9s<\/td>\n<\/tr>\n<tr>\n<td align=\"left\">Vejmol\u00e1n\u00e9 R\u00e1c-Petin Veszna<\/td>\n<td align=\"left\">angol nyelv tan\u00e1r, oszt\u00e1lyf\u0151n\u00f6k 5. \u00e9s 8.. oszt\u00e1ly<\/td>\n<\/tr>\n<tr>\n<td align=\"left\">Vagy\u00f3czki Vanda R\u00f3za<\/td>\n<td align=\"left\">matematika, digit\u00e1lis kult\u00fara tan\u00e1r, oszt\u00e1lyf\u0151n\u00f6k 6. oszt\u00e1ly<\/td>\n<\/tr>\n<tr>\n<td align=\"left\">Vejmola Tam\u00e1s<\/td>\n<td align=\"left\">testnevel\u00e9s tan\u00e1r, munkak\u00f6z\u00f6ss\u00e9g vezet\u0151<\/td>\n<\/tr>\n<\/tbody>\n<\/table>\n<\/div>\n<div class=\"fusion-title title fusion-title-10 fusion-sep-none fusion-title-center fusion-title-text fusion-title-size-three\" style=\"--awb-text-color:var(--awb-color1);--awb-margin-top:60px;--awb-margin-top-small:10px;--awb-margin-right-small:0px;--awb-margin-bottom-small:20px;--awb-margin-left-small:0px;\"><h3 class=\"fusion-title-heading title-heading-center fusion-responsive-typography-calculated\" style=\"margin:0;text-transform:none;--fontSize:24;line-height:var(--awb-typography1-line-height);\">Pedag\u00f3giai munk\u00e1t k\u00f6zvetlen\u00fcl seg\u00edt\u0151k<\/h3><\/div>\n<div class=\"table-1\">\n<table width=\"100%\">\n<thead>\n<tr>\n<th align=\"left\">Vezet\u00e9kn\u00e9v, n\u00e9v<\/th>\n<th align=\"left\">Munkak\u00f6r<\/th>\n<\/tr>\n<\/thead>\n<tbody>\n<tr>\n<td align=\"left\">Karagitsn\u00e9 Vid\u00e1k Gordana<\/td>\n<td align=\"left\">pedag\u00f3giai asszisztens<\/td>\n<\/tr>\n<tr>\n<td align=\"left\">S\u00e1r\u00e1cz Tij\u00e1n\u00e1<\/td>\n<td align=\"left\">pedag\u00f3giai asszisztens<\/td>\n<\/tr>\n<tr>\n<td align=\"left\">Tyoszity Zsuzsanna<\/td>\n<td align=\"left\">pedag\u00f3giai asszisztens<\/td>\n<\/tr>\n<tr>\n<td align=\"left\">Vid\u00e1k Mil\u00e9na<\/td>\n<td align=\"left\">napk\u00f6zis foglalkoz\u00e1st tart\u00f3 pedag\u00f3gus<\/td>\n<\/tr>\n<tr>\n<td align=\"left\">Vid\u00e1k Mil\u00e9na<\/td>\n<td align=\"left\">pedag\u00f3giai asszisztens<\/td>\n<\/tr>\n<\/tbody>\n<\/table>\n<\/div>\n<\/div><\/div><div class=\"fusion-layout-column fusion_builder_column fusion-builder-column-7 fusion_builder_column_1_1 1_1 fusion-flex-column\" style=\"--awb-bg-color:var(--awb-color5);--awb-bg-color-hover:var(--awb-color5);--awb-bg-size:cover;--awb-width-large:100%;--awb-margin-top-large:10px;--awb-spacing-right-large:1.92%;--awb-margin-bottom-large:10px;--awb-spacing-left-large:1.92%;--awb-width-medium:100%;--awb-order-medium:0;--awb-spacing-right-medium:1.92%;--awb-spacing-left-medium:1.92%;--awb-width-small:100%;--awb-order-small:0;--awb-spacing-right-small:1.92%;--awb-spacing-left-small:1.92%;\"><div class=\"fusion-column-wrapper fusion-column-has-shadow fusion-flex-justify-content-flex-start fusion-content-layout-column\"><div class=\"fusion-title title fusion-title-11 fusion-sep-none fusion-title-center fusion-title-text fusion-title-size-two\" style=\"--awb-text-color:var(--awb-color1);--awb-margin-top:50px;--awb-margin-top-small:10px;--awb-margin-right-small:0px;--awb-margin-bottom-small:20px;--awb-margin-left-small:0px;\"><h2 class=\"fusion-title-heading title-heading-center fusion-responsive-typography-calculated\" style=\"margin:0;text-transform:none;--fontSize:34;line-height:var(--awb-typography1-line-height);\">-L\u00f3r\u00e9v &#8211; technikai dolgoz\u00f3k<\/h2><\/div>\n<div class=\"table-1\">\n<p>&nbsp;<\/p>\n<table width=\"100%\">\n<thead>\n<tr>\n<th align=\"left\">Vezet\u00e9kn\u00e9v, n\u00e9v<\/th>\n<th align=\"left\">Munkak\u00f6r<\/th>\n<\/tr>\n<\/thead>\n<tbody>\n<tr>\n<td align=\"left\">Fuchsz Gyul\u00e1n\u00e9<\/td>\n<td align=\"left\">konyhai alkalmazott<\/td>\n<\/tr>\n<tr>\n<td align=\"left\">Mijatovics Lyubomir<\/td>\n<td align=\"left\">karbantart\u00f3, tart\u00f3san t\u00e1vol<\/td>\n<\/tr>\n<tr>\n<td align=\"left\">Tyoszity P\u00e9ter<\/td>\n<td align=\"left\">gondnok, karbantart\u00f3<\/td>\n<\/tr>\n<tr>\n<td align=\"left\">Vejmola Istv\u00e1n<\/td>\n<td align=\"left\">buszvezet\u0151<\/td>\n<\/tr>\n<tr>\n<td align=\"left\">Wertetics Szlobod\u00e1n Szil\u00e1rd<\/td>\n<td align=\"left\">gondnok<\/td>\n<\/tr>\n<\/tbody>\n<\/table>\n<\/div>\n<\/div><\/div><\/div><\/div><\/p>\n","protected":false},"excerpt":{"rendered":"","protected":false},"author":4,"featured_media":0,"parent":5240,"menu_order":0,"comment_status":"closed","ping_status":"closed","template":"100-width.php","meta":{"footnotes":""},"folder":[],"class_list":["post-5056","page","type-page","status-publish","hentry"],"_links":{"self":[{"href":"https:\/\/www.nikola-tesla.hu\/hu\/wp-json\/wp\/v2\/pages\/5056","targetHints":{"allow":["GET"]}}],"collection":[{"href":"https:\/\/www.nikola-tesla.hu\/hu\/wp-json\/wp\/v2\/pages"}],"about":[{"href":"https:\/\/www.nikola-tesla.hu\/hu\/wp-json\/wp\/v2\/types\/page"}],"author":[{"embeddable":true,"href":"https:\/\/www.nikola-tesla.hu\/hu\/wp-json\/wp\/v2\/users\/4"}],"replies":[{"embeddable":true,"href":"https:\/\/www.nikola-tesla.hu\/hu\/wp-json\/wp\/v2\/comments?post=5056"}],"version-history":[{"count":9,"href":"https:\/\/www.nikola-tesla.hu\/hu\/wp-json\/wp\/v2\/pages\/5056\/revisions"}],"predecessor-version":[{"id":6816,"href":"https:\/\/www.nikola-tesla.hu\/hu\/wp-json\/wp\/v2\/pages\/5056\/revisions\/6816"}],"up":[{"embeddable":true,"href":"https:\/\/www.nikola-tesla.hu\/hu\/wp-json\/wp\/v2\/pages\/5240"}],"wp:attachment":[{"href":"https:\/\/www.nikola-tesla.hu\/hu\/wp-json\/wp\/v2\/media?parent=5056"}],"wp:term":[{"taxonomy":"folder","embeddable":true,"href":"https:\/\/www.nikola-tesla.hu\/hu\/wp-json\/wp\/v2\/folder?post=5056"}],"curies":[{"name":"wp","href":"https:\/\/api.w.org\/{rel}","templated":true}]}}