{"id":5078,"date":"2024-12-17T12:02:13","date_gmt":"2024-12-17T11:02:13","guid":{"rendered":"https:\/\/www.nikola-tesla.hu\/kozzeteteli-lista\/"},"modified":"2025-05-27T14:48:47","modified_gmt":"2025-05-27T13:48:47","slug":"kozzeteteli-lista","status":"publish","type":"page","link":"https:\/\/www.nikola-tesla.hu\/hu\/kozzeteteli-lista\/","title":{"rendered":"K\u00f6zz\u00e9t\u00e9teli lista"},"content":{"rendered":"<div class=\"fusion-fullwidth fullwidth-box fusion-builder-row-1 fusion-flex-container has-pattern-background has-mask-background nonhundred-percent-fullwidth non-hundred-percent-height-scrolling\" style=\"--awb-border-radius-top-left:0px;--awb-border-radius-top-right:0px;--awb-border-radius-bottom-right:0px;--awb-border-radius-bottom-left:0px;--awb-flex-wrap:wrap;\" ><div class=\"fusion-builder-row fusion-row fusion-flex-align-items-flex-start fusion-flex-content-wrap\" style=\"max-width:1331.2px;margin-left: calc(-4% \/ 2 );margin-right: calc(-4% \/ 2 );\"><div class=\"fusion-layout-column fusion_builder_column fusion-builder-column-0 fusion_builder_column_1_1 1_1 fusion-flex-column\" style=\"--awb-bg-size:cover;--awb-width-large:100%;--awb-margin-top-large:10px;--awb-spacing-right-large:1.92%;--awb-margin-bottom-large:10px;--awb-spacing-left-large:1.92%;--awb-width-medium:100%;--awb-order-medium:0;--awb-spacing-right-medium:1.92%;--awb-spacing-left-medium:1.92%;--awb-width-small:100%;--awb-order-small:0;--awb-spacing-right-small:1.92%;--awb-spacing-left-small:1.92%;\"><div class=\"fusion-column-wrapper fusion-column-has-shadow fusion-flex-justify-content-flex-start fusion-content-layout-column\"><div class=\"fusion-title title fusion-title-1 fusion-sep-none fusion-title-center fusion-title-text fusion-title-size-one\" style=\"--awb-margin-top-small:10px;--awb-margin-right-small:0px;--awb-margin-bottom-small:20px;--awb-margin-left-small:0px;--awb-font-size:32px;\"><h1 class=\"fusion-title-heading title-heading-center fusion-responsive-typography-calculated\" style=\"margin:0;text-transform:none;font-size:1em;--fontSize:32;line-height:var(--awb-typography1-line-height);\"><h1>K\u00f6zz\u00e9t\u00e9teli lista<\/h1><\/h1><\/div><div class=\"fusion-text fusion-text-1\"><p>1. Az iskolai beiratkoz\u00e1ssal kapcsolatos inform\u00e1ci\u00f3kat a k\u00f6vetkez\u0151 <a href=\"https:\/\/www.nikola-tesla.hu\/upis-djaka\/\" target=\"_blank\" rel=\"noopener\">oldalon<\/a> \u00e9s <a href=\"https:\/\/www.nikola-tesla.hu\/wp-content\/uploads\/2024\/12\/Kozzeteteli-lista.pdf\" target=\"_blank\" rel=\"noopener\">linken<\/a> tal\u00e1lja.<\/p>\n<p>2. Beiratkoz\u00e1s ideje, enged\u00e9lyezett oszt\u00e1lyok, csoportok sz\u00e1ma az al\u00e1bbi <a href=\"https:\/\/www.nikola-tesla.hu\/wp-content\/uploads\/2024\/12\/Kozzeteteli-lista.pdf\">linken<\/a> \u00e9rhet\u0151 el.<\/p>\n<p>3. A t\u00e9r\u00edt\u00e9si d\u00edj \u00e9s tand\u00edj fizet\u00e9ssel kapcsolatos inform\u00e1ci\u00f3kat a <a href=\"https:\/\/www.nikola-tesla.hu\/wp-content\/uploads\/2024\/09\/hazirend_roviditett.pdf\">H\u00e1zirend<\/a> 56-57 pontjai, az <a href=\"https:\/\/www.nikola-tesla.hu\/wp-content\/uploads\/2024\/09\/Szmsz-2024-09-05-Z.pdf\">SzMSz<\/a> 6. \u00e9s 7. sz\u00e1m\u00fa mell\u00e9klete, valamint link tartalmazza. <\/p>\n<p>4. Fenntart\u00f3i ellen\u0151rz\u00e9s<\/p>\n<p>5. Az iskola nyitva tart\u00e1s\u00e1val kapcsolatos inform\u00e1ci\u00f3kat a <a href=\"https:\/\/www.nikola-tesla.hu\/wp-content\/uploads\/2024\/09\/Szmsz-2024-09-05-Z.pdf\">SzMSz<\/a> 2. sz\u00e1m\u00fa mell\u00e9klete tartalmazza. Az esem\u00e9nynapt\u00e1r az al\u00e1bbi linken \u00e9rhet\u0151 el.<\/p>\n<p>6. Pedag\u00f3giai szakmai ellen\u0151rz\u00e9sek meg\u00e1llap\u00edt\u00e1sai az al\u00e1bbi linken \u00e9rhet\u0151 el.<\/p>\n<p>7. Az iskolai Pedag\u00f3giai programja, H\u00e1zirendje \u00e9s Szervezeti \u00e9s m\u0171k\u00f6d\u00e9si Szab\u00e1lyzata (SzMSz) itt \u00e9rhet\u0151 el: <a href=\"https:\/\/www.nikola-tesla.hu\/hu\/alapdokumentumok\/\" target=\"_blank\" rel=\"noopener noreferrer\">https:\/\/www.nikola-tesla.hu\/hu\/alapdokumentumok\/<\/a><\/p>\n<p>7. \u0410z Adatkezel\u00e9sr\u0151l Szab\u00e1lyzatot az al\u00e1bbi <a href=\"https:\/\/www.nikola-tesla.hu\/wp-content\/uploads\/2025\/05\/ADATKEZELESI_SZABALYZAT_Nikola_Tesla_2019.05.02.pdf\">linken<\/a> t\u00f6ltheti le.<\/p>\n<p>8. \u0421\u0442\u0435\u043f\u0435\u043d \u0441\u0442\u0440\u0443\u0447\u043d\u0435 \u0441\u043f\u0440\u0435\u043c\u0435 \u043d\u0430\u0441\u0442\u0430\u0432\u043d\u0438\u043a\u0430 \u0434\u043e\u0441\u0442\u0443\u043f\u0430\u043d \u0458\u0435 \u043d\u0430 \u0441\u043b\u0435\u0434\u0435\u045b\u0435\u043c \u043b\u0438\u043d\u043a\u0443.<\/p>\n<p>9. Pedag\u00f3gusok iskolai v\u00e9gzetts\u00e9ge, szakk\u00e9pzetts\u00e9ge az al\u00e1bbi linken \u00e9rhet\u0151 el.<\/p>\n<p>10. Az orsz\u00e1gos kompetenciam\u00e9r\u00e9s iskolai eredm\u00e9nyei itt \u00e9rhet\u0151k el: <a href=\"https:\/\/okm.kir.hu\/fit\/getJelentes.aspx?tip=i&amp;id=035271\" target=\"_blank\" rel=\"noopener noreferrer\">https:\/\/okm.kir.hu\/fit\/getJelentes.aspx?tip=i&amp;id=035271<\/a><\/p>\n<p>11. A tanul\u00f3k le- \u00e9s kimarad\u00e1s\u00e1val, \u00e9vfolyamism\u00e9tl\u00e9s\u00e9vel kapcsolatos <a href=\"https:\/\/www.nikola-tesla.hu\/wp-content\/uploads\/2025\/01\/Vezetoi-beszamolo-2023-24.pdf\" target=\"_blank\" rel=\"noopener\">A tanul\u00f3k le- \u00e9s kimarad\u00e1s\u00e1val, \u00e9vfolyamism\u00e9tl\u00e9s\u00e9vel kapcsolatos adatokat a 2023\/2024. tan\u00e9v \u00e9v v\u00e9gi besz\u00e1mol\u00f3ja tartalmazza.<\/a><\/p>\n<p>12. \u00c9retts\u00e9gi vizsg\u00e1k \u00e9venk\u00e9nti \u00e1tlageredm\u00e9nyei az al\u00e1bbi <a href=\"https:\/\/www.nikola-tesla.hu\/wp-content\/uploads\/2025\/01\/Erettsegi.pdf\" target=\"_blank\" rel=\"noopener\">linken<\/a> \u00e9rhet\u0151k el.<\/p>\n<p>13. Tan\u00f3r\u00e1n k\u00edv\u00fcli foglalkoz\u00e1sok ig\u00e9nybev\u00e9tel\u00e9nek lehet\u0151s\u00e9ge az al\u00e1bbi <a href=\"https:\/\/www.nikola-tesla.hu\/wp-content\/uploads\/2024\/12\/Kozzeteteli-lista.pdf\">linken <\/a>\u00e9rhet\u0151 el.<\/p>\n<p>14. Az iskolai dolgozatok \u00e9s h\u00e1zi feladatok szab\u00e1lyait a <a href=\"https:\/\/www.nikola-tesla.hu\/wp-content\/uploads\/2024\/09\/TESLAPEDPROGRAM202120226.pdf\">Pedag\u00f3giai program<\/a> 19. pontja tartalmazza.<\/p>\n<p>15. Az oszt\u00e1lyoz\u00f3 vizsga tant\u00e1rgyank\u00e9nti, \u00e9vfolyamonk\u00e9nti k\u00f6vetelm\u00e9nyeit, a vizsg\u00e1k idej\u00e9t a <a href=\"https:\/\/www.nikola-tesla.hu\/wp-content\/uploads\/2024\/09\/TESLAPEDPROGRAM202120226.pdf\">Pedag\u00f3giai program<\/a> 9. pontja, valamint \u0418\u0441\u043f\u0438\u0442\u043d\u0438 \u0437\u0430\u0445\u0442\u0435\u0432\u0438 \u043f\u043e \u043f\u0440\u0435\u0434\u043c\u0435\u0442\u0438\u043c\u0430 tartalmazza. Az oszt\u00e1lyoz\u00f3vizsg\u00e1k id\u0151pontja az oszt\u00e1lyoz\u00f3 konferenci\u00e1t megel\u0151z\u0151 k\u00e9t h\u00e9t. <\/p>\n<p>16. Az extern\u00e1tusi ell\u00e1t\u00e1s ig\u00e9nybev\u00e9tel\u00e9nek lehet\u0151s\u00e9g\u00e9r\u0151l az al\u00e1bbi <a href=\"https:\/\/www.nikola-tesla.hu\/wp-content\/uploads\/2024\/12\/Kozzeteteli-lista.pdf\">linken<\/a> olvashat.<\/p>\n<p>17. A koll\u00e9giumi csoportok sz\u00e1ma \u00e9s az egyes csoportokban a tanul\u00f3i l\u00e9tsz\u00e1m: <a href=\"https:\/\/www.nikola-tesla.hu\/wp-content\/uploads\/2024\/12\/Kozzeteteli-lista.pdf\">link<\/a><\/p>\n<\/div><\/div><\/div><\/div><\/div>\n","protected":false},"excerpt":{"rendered":"","protected":false},"author":4,"featured_media":0,"parent":0,"menu_order":0,"comment_status":"closed","ping_status":"closed","template":"","meta":{"footnotes":""},"folder":[],"class_list":["post-5078","page","type-page","status-publish","hentry"],"_links":{"self":[{"href":"https:\/\/www.nikola-tesla.hu\/hu\/wp-json\/wp\/v2\/pages\/5078","targetHints":{"allow":["GET"]}}],"collection":[{"href":"https:\/\/www.nikola-tesla.hu\/hu\/wp-json\/wp\/v2\/pages"}],"about":[{"href":"https:\/\/www.nikola-tesla.hu\/hu\/wp-json\/wp\/v2\/types\/page"}],"author":[{"embeddable":true,"href":"https:\/\/www.nikola-tesla.hu\/hu\/wp-json\/wp\/v2\/users\/4"}],"replies":[{"embeddable":true,"href":"https:\/\/www.nikola-tesla.hu\/hu\/wp-json\/wp\/v2\/comments?post=5078"}],"version-history":[{"count":4,"href":"https:\/\/www.nikola-tesla.hu\/hu\/wp-json\/wp\/v2\/pages\/5078\/revisions"}],"predecessor-version":[{"id":6100,"href":"https:\/\/www.nikola-tesla.hu\/hu\/wp-json\/wp\/v2\/pages\/5078\/revisions\/6100"}],"wp:attachment":[{"href":"https:\/\/www.nikola-tesla.hu\/hu\/wp-json\/wp\/v2\/media?parent=5078"}],"wp:term":[{"taxonomy":"folder","embeddable":true,"href":"https:\/\/www.nikola-tesla.hu\/hu\/wp-json\/wp\/v2\/folder?post=5078"}],"curies":[{"name":"wp","href":"https:\/\/api.w.org\/{rel}","templated":true}]}}