{"id":6042,"date":"2025-03-31T12:36:19","date_gmt":"2025-03-31T11:36:19","guid":{"rendered":"https:\/\/www.nikola-tesla.hu\/elso-osztalyos-beiskolazas\/"},"modified":"2026-04-21T07:37:56","modified_gmt":"2026-04-21T06:37:56","slug":"elso-osztalyos-beiskolazas","status":"publish","type":"page","link":"https:\/\/www.nikola-tesla.hu\/hu\/elso-osztalyos-beiskolazas\/","title":{"rendered":"Els\u0151 oszt\u00e1lyos beiskol\u00e1z\u00e1s"},"content":{"rendered":"<div class=\"fusion-fullwidth fullwidth-box fusion-builder-row-1 fusion-flex-container has-pattern-background has-mask-background nonhundred-percent-fullwidth non-hundred-percent-height-scrolling\" style=\"--awb-border-radius-top-left:0px;--awb-border-radius-top-right:0px;--awb-border-radius-bottom-right:0px;--awb-border-radius-bottom-left:0px;--awb-flex-wrap:wrap;\" ><div class=\"fusion-builder-row fusion-row fusion-flex-align-items-flex-start fusion-flex-content-wrap\" style=\"max-width:1331.2px;margin-left: calc(-4% \/ 2 );margin-right: calc(-4% \/ 2 );\"><div class=\"fusion-layout-column fusion_builder_column fusion-builder-column-0 fusion_builder_column_1_1 1_1 fusion-flex-column\" style=\"--awb-bg-size:cover;--awb-width-large:100%;--awb-margin-top-large:10px;--awb-spacing-right-large:1.92%;--awb-margin-bottom-large:10px;--awb-spacing-left-large:1.92%;--awb-width-medium:100%;--awb-order-medium:0;--awb-spacing-right-medium:1.92%;--awb-spacing-left-medium:1.92%;--awb-width-small:100%;--awb-order-small:0;--awb-spacing-right-small:1.92%;--awb-spacing-left-small:1.92%;\"><div class=\"fusion-column-wrapper fusion-column-has-shadow fusion-flex-justify-content-flex-start fusion-content-layout-column\"><div class=\"fusion-title title fusion-title-1 fusion-sep-none fusion-title-center fusion-title-text fusion-title-size-two\" style=\"--awb-margin-top-small:10px;--awb-margin-right-small:0px;--awb-margin-bottom-small:20px;--awb-margin-left-small:0px;\"><h2 class=\"fusion-title-heading title-heading-center fusion-responsive-typography-calculated\" style=\"margin:0;text-transform:none;--fontSize:34;line-height:var(--awb-typography1-line-height);\"><p style=\"text-align: center;\">Els\u0151 oszt\u00e1lyos beiskol\u00e1z\u00e1s<\/p><\/h2><\/div><div class=\"fusion-text fusion-text-1\"><p>Az online beiratkoz\u00e1ssal kapcsolatos inform\u00e1ci\u00f3k a 2025\/2026-os tan\u00e9vre, az \u00e1ltal\u00e1nos iskola els\u0151 oszt\u00e1ly\u00e1ba felv\u00e9telt nyert tanul\u00f3k t\u00f6rv\u00e9nyes k\u00e9pvisel\u0151i sz\u00e1m\u00e1ra, el\u00e9rhet\u0151 <a href=\"https:\/\/www.nikola-tesla.hu\/wp-content\/uploads\/2026\/04\/BAI_Szuloi-tajekoztato_2026.pdf\" target=\"_blank\" rel=\"noopener\">itt.<\/a><\/p>\n<h3 style=\"text-align: center;\" data-pm-slice=\"1 1 &#091;&#093;\"><strong>HIRDETM\u00c9NY<\/strong><\/h3>\n<p>A 2011.\u00e9vi CXC t\u00f6rv\u00e9ny a 20\/2012. (VIII.31.) EMMI rendelet \u00e9s a 27\/2025. (VII.24.) BM rendelet figyelembev\u00e9tel\u00e9vel a <b>Nikola Tesla Szerb Tan\u00edt\u00e1si Nyelv\u0171 \u00d3voda, \u00c1ltal\u00e1nos Iskola, Gimn\u00e1zium, Koll\u00e9gium \u00e9s K\u00f6nyvt\u00e1r (Budapest) \u00e9s tagint\u00e9zm\u00e9nyei (Deszk \u00e9s L\u00f3r\u00e9v)<\/b><\/p>\n<p><b>\u00d3vodai beiratkoz\u00e1s ideje: 2026. m\u00e1jus 04-08. napj\u00e1ig 7:30-15:30 \u00f3r\u00e1ig<\/b><\/p>\n<p><b>Iskolai beiratkoz\u00e1s ideje: 2026. \u00e1prilis 23. \u00e9s \u00e1prilis 24. napja 8-16 \u00f3r\u00e1ig<\/b><\/p>\n<p>A beiratkoz\u00e1s t\u00f6rt\u00e9nhet szem\u00e9lyesen \u00e9s elektronikus \u00faton. Elektronikus \u00faton a kontakt@nikola-tesla.hu e-mail c\u00edmre k\u00e9rj\u00fck elk\u00fcldeni az al\u00e1bbi dokumentumokat (lef\u00e9nyk\u00e9pezve vagy szkennelve).<\/p>\n<p>A gyermek:<\/p>\n<ul>\n<li>szem\u00e9lyi igazolv\u00e1nya mindk\u00e9t oldala<\/li>\n<li>sz\u00fclet\u00e9si anyak\u00f6nyvi kivonat\u00e1t<\/li>\n<li>lakc\u00edmk\u00e1rtya mindk\u00e9t oldala<\/li>\n<li>TAJ k\u00e1rty\u00e1ja<\/li>\n<\/ul>\n<p>az int\u00e9zm\u00e9ny\u00fcnk hivatalos honlapj\u00e1r\u00f3l nikola-tesla.hu let\u00f6lthet\u0151, kit\u00f6lt\u00f6tt \u00e9s al\u00e1\u00edrt formanyomtatv\u00e1nyok, melyek a k\u00f6vetkez\u0151k:<\/p>\n<ul>\n<li><a href=\"https:\/\/www.nikola-tesla.hu\/wp-content\/uploads\/2023\/10\/\u0424\u043e\u0440\u043c\u0443\u043b\u0430\u0440-\u0441\u0430-\u043e\u0441\u043d\u043e\u0432\u043d\u0438\u043c-\u043f\u043e\u0434\u0430\u0446\u0438\u043c\u0430-\u0443\u0447\u0435\u043d\u0438\u043a\u0430.pdf\" target=\"_blank\" rel=\"noopener noreferrer\">formanyomtatv\u00e1ny a tanul\u00f3 adataival<\/a><\/li>\n<li><a href=\"https:\/\/www.nikola-tesla.hu\/wp-content\/uploads\/2024\/12\/Hozzajarulo-nyilatkozat.pdf\" target=\"_blank\" rel=\"noopener noreferrer\">hozz\u00e1j\u00e1rul\u00f3 nyilatkozat digit\u00e1lis tartalmak k\u00e9sz\u00edt\u00e9s\u00e9hez azok felhaszn\u00e1l\u00e1s\u00e1hoz<\/a><\/li>\n<li><a href=\"https:\/\/www.nikola-tesla.hu\/wp-content\/uploads\/2026\/03\/Hit-es-erkolcstan-nyilatkozat.docx\" target=\"_blank\" rel=\"noopener noreferrer\">nyilatkozat arr\u00f3l, hogy a gyermek hittan \u00e9s erk\u00f6lcstan vagy etika tart\u00e1rgyat v\u00e1lasztja<\/a><\/li>\n<li>\n<p data-pm-slice=\"1 1 &#091;&#093;\"><a href=\"https:\/\/www.nikola-tesla.hu\/wp-content\/uploads\/2026\/03\/Nyilatkozata-nemzetisegi-ovodai-nevelesben-nemzetisegi-iskolai-neveles-oktatasban-valo-reszvetelrol.docx\" target=\"_blank\" rel=\"noopener noreferrer\">nyilatkozat a szerb nemzetis\u00e9gi \u00f3vodai nevel\u00e9sben\/iskolai nevel\u00e9s-oktat\u00e1sban val\u00f3 r\u00e9szv\u00e9telr\u0151l<\/a><\/p>\n<\/li>\n<li>\n<p data-pm-slice=\"1 1 &#091;&#093;\"><a href=\"https:\/\/www.nikola-tesla.hu\/wp-content\/uploads\/2025\/03\/NYILATKOZAT-ADATKEZELESI-TAJEKOZTATO-MEGISMERESEROL-tanulo.docx\" target=\"_blank\" rel=\"noopener noreferrer\">nyilatkozat arr\u00f3l, hogy a hivatalos honlapon kereszt\u00fcl az adatkezel\u00e9si t\u00e1j\u00e9koztat\u00f3t megismerte<\/a><\/p>\n<\/li>\n<li><a href=\"https:\/\/www.nikola-tesla.hu\/wp-content\/uploads\/2024\/12\/Formular-sa-podacima-stvarne-adrese-stanovanja.pdf\" target=\"_blank\" rel=\"noopener noreferrer\">nyilatkozat az \u00e9letvitel szerinti val\u00f3s lakc\u00edmr\u0151l<\/a><\/li>\n<li><a href=\"https:\/\/www.nikola-tesla.hu\/wp-content\/uploads\/2025\/01\/Nyilatkozat-a-szuloi-felugyeleti-jog-gyakorlasrol-\u0418\u0437\u0458\u0430\u0432\u0430-\u043e-\u0441\u0442\u0430\u0440\u0430\u0442\u0435\u0459\u0441\u0442\u0432\u0443.docx\" target=\"_blank\" rel=\"noopener noreferrer\">nyilatkozat a sz\u00fcl\u0151i fel\u00fcgyeleti jogr\u00f3l<\/a><\/li>\n<\/ul>\n<p>K\u00e9rj\u00fck, a beadv\u00e1ny t\u00e1rgyak\u00e9nt t\u00fcntess\u00e9k fel \u201e\u00f3vodai beiratkoz\u00e1s vagy iskolai beiratkoz\u00e1s&#8221;, illetve jel\u00f6lj\u00e9k meg melyik int\u00e9zm\u00e9ny\u00fcnk tagint\u00e9zm\u00e9ny\u00e9be szeretn\u00e9k beiratni a gyermeket (\u00f3voda Budapest, illetve \u00e1ltal\u00e1nos iskola Budapest).<\/p>\n<p>&#8222;L\u00f3r\u00e9v &#8222;,&#8221;L\u00f3r\u00e9v &#8221; &#8222;Deszk &#8222;,&#8221;Deszk &#8222;<\/p>\n<p>A lev\u00e9lben \u00edrj\u00e1k meg:<\/p>\n<ul>\n<li>az \u00e9desanya le\u00e1nykori nev\u00e9t<\/li>\n<li>az \u00e9desapa, gondvisel\u0151 nev\u00e9t<\/li>\n<li>levelez\u00e9si c\u00edmet, illetve el\u00e9rhet\u0151s\u00e9g\u00fcket (e-mail c\u00edm, mobil telefonsz\u00e1m)<\/li>\n<\/ul>\n<p>Az eredeti dokumentumok bemutat\u00e1sa a 2026\/2027-es nevel\u00e9si \u00e9v, illetve tan\u00e9v els\u0151 munkanapj\u00e1n fog megval\u00f3sulni. A gyermek felv\u00e9tel\u00e9re vonatkoz\u00f3an d\u00f6nt \u00e9s a d\u00f6nt\u00e9sr\u0151l az int\u00e9zm\u00e9ny \u00edr\u00e1sban \u00e9rtes\u00edti a gyermeket nevel\u0151 sz\u00fcl\u0151t, illetve gondvisel\u0151t.<\/p>\n<\/div><\/div><\/div><\/div><\/div>\n","protected":false},"excerpt":{"rendered":"","protected":false},"author":4,"featured_media":0,"parent":0,"menu_order":0,"comment_status":"closed","ping_status":"closed","template":"","meta":{"footnotes":""},"folder":[],"class_list":["post-6042","page","type-page","status-publish","hentry"],"_links":{"self":[{"href":"https:\/\/www.nikola-tesla.hu\/hu\/wp-json\/wp\/v2\/pages\/6042","targetHints":{"allow":["GET"]}}],"collection":[{"href":"https:\/\/www.nikola-tesla.hu\/hu\/wp-json\/wp\/v2\/pages"}],"about":[{"href":"https:\/\/www.nikola-tesla.hu\/hu\/wp-json\/wp\/v2\/types\/page"}],"author":[{"embeddable":true,"href":"https:\/\/www.nikola-tesla.hu\/hu\/wp-json\/wp\/v2\/users\/4"}],"replies":[{"embeddable":true,"href":"https:\/\/www.nikola-tesla.hu\/hu\/wp-json\/wp\/v2\/comments?post=6042"}],"version-history":[{"count":13,"href":"https:\/\/www.nikola-tesla.hu\/hu\/wp-json\/wp\/v2\/pages\/6042\/revisions"}],"predecessor-version":[{"id":7674,"href":"https:\/\/www.nikola-tesla.hu\/hu\/wp-json\/wp\/v2\/pages\/6042\/revisions\/7674"}],"wp:attachment":[{"href":"https:\/\/www.nikola-tesla.hu\/hu\/wp-json\/wp\/v2\/media?parent=6042"}],"wp:term":[{"taxonomy":"folder","embeddable":true,"href":"https:\/\/www.nikola-tesla.hu\/hu\/wp-json\/wp\/v2\/folder?post=6042"}],"curies":[{"name":"wp","href":"https:\/\/api.w.org\/{rel}","templated":true}]}}